{"id":304,"date":"2023-03-29T12:51:21","date_gmt":"2023-03-29T10:51:21","guid":{"rendered":"https:\/\/wp.guatequebags.com\/?post_type=product&#038;p=304"},"modified":"2025-12-01T01:42:41","modified_gmt":"2025-12-01T00:42:41","slug":"mochi","status":"publish","type":"product","link":"https:\/\/guatequebags.com\/en\/product\/mochi\/","title":{"rendered":"MOCHI"},"content":{"rendered":"","protected":false},"excerpt":{"rendered":"<p><span style=\"font-weight: 400\">Classic rounded design with pleats and gathers at the top of the bag. With jacquard fabric in a dark blue base and floral print in yellow and gold lam\u00e9.<\/span><\/p>\n<p><span style=\"font-weight: 400\">Lleva dos asas largas tipo bandolera con cuerdas de algod\u00f3n 100% en color amarillo. Una est\u00e1 hecha de macram\u00e9 con nuestro cl\u00e1sico nudo flor, unido mediante dos aros met\u00e1licos en n\u00edquel a una peque\u00f1a pieza asim\u00e9trica de piel de vaca, en color crudo, con dos ollaos met\u00e1licos en n\u00edquel en el centro. La otra m\u00e1s fina est\u00e1 trenzada con una cuerda m\u00e1s fina de contraste, de poli\u00e9ster, en color azul oscuro y amarillo y pasa por dentro de los dos ollaos del otro asa.<\/span><\/p>\n<p><span style=\"font-weight: 400\">The bag closes with a golden magnetic metal button and has an interior pocket with a zipper. It is lined with satin cotton fabric in blue color.<\/span><\/p>\n<p><span style=\"font-weight: 400\">All our bags are handmade with high-quality materials between Ibiza and Barcelona.\u00a0<\/span><\/p>\n<p><strong>SIZE: <\/strong>35cm x 20cm<\/p>\n<p><strong>CARE INSTRUCTIONS:<\/strong><\/p>\n<p><span style=\"font-weight: 400\">Clean the cotton macram\u00e9 handles by immersing them in soapy water several times, then squeeze out the excess water and allow them to air dry.<\/span><\/p>\n<p><span style=\"font-weight: 400\">For the maintenance of the leather handle, you can hydrate the nap side with neutral moisturizing cream, using a cloth, and protect the inside part with a special spray for suede leather or lacquer, and brush it with a soft bristle brush.<\/span><\/p>","protected":false},"featured_media":1082,"template":"","meta":{"ocean_post_layout":"","ocean_both_sidebars_style":"","ocean_both_sidebars_content_width":0,"ocean_both_sidebars_sidebars_width":0,"ocean_sidebar":"0","ocean_second_sidebar":"0","ocean_disable_margins":"enable","ocean_add_body_class":"","ocean_shortcode_before_top_bar":"","ocean_shortcode_after_top_bar":"","ocean_shortcode_before_header":"","ocean_shortcode_after_header":"","ocean_has_shortcode":"","ocean_shortcode_after_title":"","ocean_shortcode_before_footer_widgets":"","ocean_shortcode_after_footer_widgets":"","ocean_shortcode_before_footer_bottom":"","ocean_shortcode_after_footer_bottom":"","ocean_display_top_bar":"default","ocean_display_header":"default","ocean_header_style":"","ocean_center_header_left_menu":"0","ocean_custom_header_template":"0","ocean_custom_logo":0,"ocean_custom_retina_logo":0,"ocean_custom_logo_max_width":0,"ocean_custom_logo_tablet_max_width":0,"ocean_custom_logo_mobile_max_width":0,"ocean_custom_logo_max_height":0,"ocean_custom_logo_tablet_max_height":0,"ocean_custom_logo_mobile_max_height":0,"ocean_header_custom_menu":"0","ocean_menu_typo_font_family":"0","ocean_menu_typo_font_subset":"","ocean_menu_typo_font_size":0,"ocean_menu_typo_font_size_tablet":0,"ocean_menu_typo_font_size_mobile":0,"ocean_menu_typo_font_size_unit":"px","ocean_menu_typo_font_weight":"","ocean_menu_typo_font_weight_tablet":"","ocean_menu_typo_font_weight_mobile":"","ocean_menu_typo_transform":"","ocean_menu_typo_transform_tablet":"","ocean_menu_typo_transform_mobile":"","ocean_menu_typo_line_height":0,"ocean_menu_typo_line_height_tablet":0,"ocean_menu_typo_line_height_mobile":0,"ocean_menu_typo_line_height_unit":"","ocean_menu_typo_spacing":0,"ocean_menu_typo_spacing_tablet":0,"ocean_menu_typo_spacing_mobile":0,"ocean_menu_typo_spacing_unit":"","ocean_menu_link_color":"","ocean_menu_link_color_hover":"","ocean_menu_link_color_active":"","ocean_menu_link_background":"","ocean_menu_link_hover_background":"","ocean_menu_link_active_background":"","ocean_menu_social_links_bg":"","ocean_menu_social_hover_links_bg":"","ocean_menu_social_links_color":"","ocean_menu_social_hover_links_color":"","ocean_disable_title":"default","ocean_disable_heading":"default","ocean_post_title":"","ocean_post_subheading":"","ocean_post_title_style":"","ocean_post_title_background_color":"","ocean_post_title_background":0,"ocean_post_title_bg_image_position":"","ocean_post_title_bg_image_attachment":"","ocean_post_title_bg_image_repeat":"","ocean_post_title_bg_image_size":"","ocean_post_title_height":0,"ocean_post_title_bg_overlay":0.5,"ocean_post_title_bg_overlay_color":"","ocean_disable_breadcrumbs":"default","ocean_breadcrumbs_color":"","ocean_breadcrumbs_separator_color":"","ocean_breadcrumbs_links_color":"","ocean_breadcrumbs_links_hover_color":"","ocean_display_footer_widgets":"default","ocean_display_footer_bottom":"default","ocean_custom_footer_template":"0"},"product_brand":[],"product_cat":[19],"product_tag":[],"class_list":{"0":"post-304","1":"product","2":"type-product","3":"status-publish","4":"has-post-thumbnail","6":"product_cat-bolsos","8":"entry","9":"has-media","11":"first","12":"instock","13":"purchasable","14":"product-type-simple","15":"has-product-nav","16":"col","17":"span_1_of_3","18":"owp-content-center","19":"item-entry","20":"owp-thumbs-layout-horizontal","21":"owp-btn-big","22":"owp-tabs-layout-vertical"},"jetpack_sharing_enabled":true,"_links":{"self":[{"href":"https:\/\/guatequebags.com\/en\/wp-json\/wp\/v2\/product\/304","targetHints":{"allow":["GET"]}}],"collection":[{"href":"https:\/\/guatequebags.com\/en\/wp-json\/wp\/v2\/product"}],"about":[{"href":"https:\/\/guatequebags.com\/en\/wp-json\/wp\/v2\/types\/product"}],"wp:featuredmedia":[{"embeddable":true,"href":"https:\/\/guatequebags.com\/en\/wp-json\/wp\/v2\/media\/1082"}],"wp:attachment":[{"href":"https:\/\/guatequebags.com\/en\/wp-json\/wp\/v2\/media?parent=304"}],"wp:term":[{"taxonomy":"product_brand","embeddable":true,"href":"https:\/\/guatequebags.com\/en\/wp-json\/wp\/v2\/product_brand?post=304"},{"taxonomy":"product_cat","embeddable":true,"href":"https:\/\/guatequebags.com\/en\/wp-json\/wp\/v2\/product_cat?post=304"},{"taxonomy":"product_tag","embeddable":true,"href":"https:\/\/guatequebags.com\/en\/wp-json\/wp\/v2\/product_tag?post=304"}],"curies":[{"name":"wp","href":"https:\/\/api.w.org\/{rel}","templated":true}]}}