{"id":1278,"date":"2025-06-01T12:54:38","date_gmt":"2025-06-01T10:54:38","guid":{"rendered":"https:\/\/guatequebags.com\/producto\/aros-servilletas-cors\/"},"modified":"2025-11-28T05:21:04","modified_gmt":"2025-11-28T04:21:04","slug":"aros-servilletas-cors","status":"publish","type":"product","link":"https:\/\/guatequebags.com\/en\/product\/aros-servilletas-cors\/","title":{"rendered":"AROS SERVILLETAS CORS"},"content":{"rendered":"","protected":false},"excerpt":{"rendered":"<p><span style=\"font-weight: 400\">Set de 2 aros para servilletas.<\/span><\/p>\n<p><span style=\"font-weight: 400\">Est\u00e1n hechos a mano, con un aro de madera del que sale una tira de macram\u00e9 realizada con cinta de raso, con nuestro nudo cl\u00e1sico. Incluyen una cinta decorativa de la que cuelga una flor de borosilicato; cada aro lleva una flor distinta. En la parte superior del macram\u00e9, tienen un lazo hecho con una cinta de corazones de vichy acolchados.<\/span><\/p>\n<p><span style=\"font-weight: 400\">Todos nuestros productos est\u00e1n hechos a mano entre Ibiza y Barcelona, con materiales de buena calidad.<\/span><\/p>\n<p><strong>COLORES DISPONIBLES:<\/strong><\/p>\n<p><span style=\"font-weight: 400\">orange and red<\/span><br \/>\n<span style=\"font-weight: 400\">Green and purple<\/span><\/p>\n<p><strong>MEDIDAS:<\/strong><br \/>\n<span style=\"font-weight: 400\">Ring: 6 cm in diameter.<br \/>\nMacram\u00e9 with flower: 9 cm<\/span><\/p>","protected":false},"featured_media":1282,"template":"","meta":{"ocean_post_layout":"","ocean_both_sidebars_style":"","ocean_both_sidebars_content_width":0,"ocean_both_sidebars_sidebars_width":0,"ocean_sidebar":"0","ocean_second_sidebar":"0","ocean_disable_margins":"enable","ocean_add_body_class":"","ocean_shortcode_before_top_bar":"","ocean_shortcode_after_top_bar":"","ocean_shortcode_before_header":"","ocean_shortcode_after_header":"","ocean_has_shortcode":"","ocean_shortcode_after_title":"","ocean_shortcode_before_footer_widgets":"","ocean_shortcode_after_footer_widgets":"","ocean_shortcode_before_footer_bottom":"","ocean_shortcode_after_footer_bottom":"","ocean_display_top_bar":"default","ocean_display_header":"default","ocean_header_style":"","ocean_center_header_left_menu":"0","ocean_custom_header_template":"0","ocean_custom_logo":0,"ocean_custom_retina_logo":0,"ocean_custom_logo_max_width":0,"ocean_custom_logo_tablet_max_width":0,"ocean_custom_logo_mobile_max_width":0,"ocean_custom_logo_max_height":0,"ocean_custom_logo_tablet_max_height":0,"ocean_custom_logo_mobile_max_height":0,"ocean_header_custom_menu":"0","ocean_menu_typo_font_family":"0","ocean_menu_typo_font_subset":"","ocean_menu_typo_font_size":0,"ocean_menu_typo_font_size_tablet":0,"ocean_menu_typo_font_size_mobile":0,"ocean_menu_typo_font_size_unit":"px","ocean_menu_typo_font_weight":"","ocean_menu_typo_font_weight_tablet":"","ocean_menu_typo_font_weight_mobile":"","ocean_menu_typo_transform":"","ocean_menu_typo_transform_tablet":"","ocean_menu_typo_transform_mobile":"","ocean_menu_typo_line_height":0,"ocean_menu_typo_line_height_tablet":0,"ocean_menu_typo_line_height_mobile":0,"ocean_menu_typo_line_height_unit":"","ocean_menu_typo_spacing":0,"ocean_menu_typo_spacing_tablet":0,"ocean_menu_typo_spacing_mobile":0,"ocean_menu_typo_spacing_unit":"","ocean_menu_link_color":"","ocean_menu_link_color_hover":"","ocean_menu_link_color_active":"","ocean_menu_link_background":"","ocean_menu_link_hover_background":"","ocean_menu_link_active_background":"","ocean_menu_social_links_bg":"","ocean_menu_social_hover_links_bg":"","ocean_menu_social_links_color":"","ocean_menu_social_hover_links_color":"","ocean_disable_title":"default","ocean_disable_heading":"default","ocean_post_title":"","ocean_post_subheading":"","ocean_post_title_style":"","ocean_post_title_background_color":"","ocean_post_title_background":0,"ocean_post_title_bg_image_position":"","ocean_post_title_bg_image_attachment":"","ocean_post_title_bg_image_repeat":"","ocean_post_title_bg_image_size":"","ocean_post_title_height":0,"ocean_post_title_bg_overlay":0.5,"ocean_post_title_bg_overlay_color":"","ocean_disable_breadcrumbs":"default","ocean_breadcrumbs_color":"","ocean_breadcrumbs_separator_color":"","ocean_breadcrumbs_links_color":"","ocean_breadcrumbs_links_hover_color":"","ocean_display_footer_widgets":"default","ocean_display_footer_bottom":"default","ocean_custom_footer_template":"0"},"product_brand":[],"product_cat":[34],"product_tag":[39],"class_list":{"0":"post-1278","1":"product","2":"type-product","3":"status-publish","4":"has-post-thumbnail","6":"product_cat-home","7":"product_tag-pack-2","9":"entry","10":"has-media","12":"first","13":"outofstock","14":"purchasable","15":"product-type-variable","16":"has-product-nav","17":"col","18":"span_1_of_3","19":"owp-content-center","20":"item-entry","21":"owp-thumbs-layout-horizontal","22":"owp-btn-big","23":"owp-tabs-layout-vertical"},"jetpack_sharing_enabled":true,"_links":{"self":[{"href":"https:\/\/guatequebags.com\/en\/wp-json\/wp\/v2\/product\/1278","targetHints":{"allow":["GET"]}}],"collection":[{"href":"https:\/\/guatequebags.com\/en\/wp-json\/wp\/v2\/product"}],"about":[{"href":"https:\/\/guatequebags.com\/en\/wp-json\/wp\/v2\/types\/product"}],"wp:featuredmedia":[{"embeddable":true,"href":"https:\/\/guatequebags.com\/en\/wp-json\/wp\/v2\/media\/1282"}],"wp:attachment":[{"href":"https:\/\/guatequebags.com\/en\/wp-json\/wp\/v2\/media?parent=1278"}],"wp:term":[{"taxonomy":"product_brand","embeddable":true,"href":"https:\/\/guatequebags.com\/en\/wp-json\/wp\/v2\/product_brand?post=1278"},{"taxonomy":"product_cat","embeddable":true,"href":"https:\/\/guatequebags.com\/en\/wp-json\/wp\/v2\/product_cat?post=1278"},{"taxonomy":"product_tag","embeddable":true,"href":"https:\/\/guatequebags.com\/en\/wp-json\/wp\/v2\/product_tag?post=1278"}],"curies":[{"name":"wp","href":"https:\/\/api.w.org\/{rel}","templated":true}]}}