{"id":317,"date":"2023-03-29T16:48:16","date_gmt":"2023-03-29T14:48:16","guid":{"rendered":"https:\/\/wp.guatequebags.com\/?page_id=317"},"modified":"2023-04-25T21:08:41","modified_gmt":"2023-04-25T19:08:41","slug":"about-us","status":"publish","type":"page","link":"https:\/\/guatequebags.com\/en\/about-us\/","title":{"rendered":"About Guateque"},"content":{"rendered":"<div data-elementor-type=\"wp-page\" data-elementor-id=\"317\" class=\"elementor elementor-317\">\n\t\t\t\t\t\t<section class=\"elementor-section elementor-top-section elementor-element elementor-element-df5fc39 elementor-hidden-tablet elementor-hidden-mobile elementor-section-boxed elementor-section-height-default elementor-section-height-default wpr-particle-no wpr-jarallax-no wpr-parallax-no wpr-sticky-section-no\" data-id=\"df5fc39\" data-element_type=\"section\" data-e-type=\"section\">\n\t\t\t\t\t\t<div class=\"elementor-container elementor-column-gap-default\">\n\t\t\t\t\t<div class=\"elementor-column elementor-col-100 elementor-top-column elementor-element elementor-element-465bff4\" data-id=\"465bff4\" data-element_type=\"column\" data-e-type=\"column\">\n\t\t\t<div class=\"elementor-widget-wrap elementor-element-populated\">\n\t\t\t\t\t\t<section class=\"elementor-section elementor-inner-section elementor-element elementor-element-a5e1dc5 elementor-section-boxed elementor-section-height-default elementor-section-height-default wpr-particle-no wpr-jarallax-no wpr-parallax-no wpr-sticky-section-no\" data-id=\"a5e1dc5\" data-element_type=\"section\" data-e-type=\"section\">\n\t\t\t\t\t\t<div class=\"elementor-container elementor-column-gap-default\">\n\t\t\t\t\t<div class=\"elementor-column elementor-col-50 elementor-inner-column elementor-element elementor-element-9a3930c\" data-id=\"9a3930c\" data-element_type=\"column\" data-e-type=\"column\">\n\t\t\t<div class=\"elementor-widget-wrap elementor-element-populated\">\n\t\t\t\t\t\t<div class=\"elementor-element elementor-element-13f5d3f elementor-widget elementor-widget-image\" data-id=\"13f5d3f\" data-element_type=\"widget\" data-e-type=\"widget\" data-widget_type=\"image.default\">\n\t\t\t\t<div class=\"elementor-widget-container\">\n\t\t\t\t\t\t\t\t\t\t\t\t\t\t\t<img fetchpriority=\"high\" decoding=\"async\" width=\"768\" height=\"1024\" src=\"https:\/\/guatequebags.com\/wp-content\/uploads\/2023\/03\/P7240892-scaled.jpg\" class=\"attachment-large size-large wp-image-319\" alt=\"sobre Guateque\" \/>\t\t\t\t\t\t\t\t\t\t\t\t\t\t\t<\/div>\n\t\t\t\t<\/div>\n\t\t\t\t\t<\/div>\n\t\t<\/div>\n\t\t\t\t<div class=\"elementor-column elementor-col-50 elementor-inner-column elementor-element elementor-element-acef0d1\" data-id=\"acef0d1\" data-element_type=\"column\" data-e-type=\"column\">\n\t\t\t<div class=\"elementor-widget-wrap elementor-element-populated\">\n\t\t\t\t\t\t<div class=\"elementor-element elementor-element-8d822e0 elementor-widget elementor-widget-text-editor\" data-id=\"8d822e0\" data-element_type=\"widget\" data-e-type=\"widget\" data-widget_type=\"text-editor.default\">\n\t\t\t\t<div class=\"elementor-widget-container\">\n\t\t\t\t\t\t\t\t\t<p><span style=\"font-weight: 400;\">Hello! Let us introduce ourselves, we are Annita and Lina, two friends who are complete opposites, but complement each other like no one else. We shared a common vision and a lot of enthusiasm to create something together, so we decided to join our personalities and talents to turn our project into a reality. That's how GUATEQUE was born, from our Friday night celebrations, our dancing, and our passion for good food. So, without further ado,<\/span><\/p><p><strong> Welcome to GUATEQUE!<\/strong><\/p><p>\u00a0<\/p><p><span style=\"font-weight: 400;\">Guateque is a brand of handbags and accessories created with passion, dedication, and love, from the humility and naturalness of our friendship. Our love for gastronomy and good food was the inspiration for the name of our brand.<\/span><\/p><p class=\"translation-block\">At Guateque, we believe in craftsmanship and slow fashion. Each of our handbags is carefully handmade in our own living room, so they are entirely produced between Ibiza and Barcelona.<\/p><p class=\"translation-block\">Our handbags are unique and exclusive, as we work with limited stocks of fabrics and produce few units. They are an explosion of colors and prints, we love to play with contrasts and dare to be original. We use macram\u00e9 as the identity of the brand by applying it to our handles, which are particularly remarkable and an important feature of the product.<\/p><p><span style=\"font-weight: 400;\">They are intricately crafted with a combination of colorful cords, and we create different versions of our classic design with various materials and shapes. However, we always keep in mind the comfort and practicality of our design. We also offer leather handles, which are cut and designed by us, and in some cases, we apply macram\u00e9 to them as well. These handles are interchangeable and can be used with other handbags as well.<\/span><\/p><p><span style=\"font-weight: 400;\">Guateque is not just a handbag brand, it is a representation of ourselves. We are friends above all else, and we enjoy every moment we spend working together on this project that means so much to us. Our friendship is reflected in each of our designs, in the harmony and balance we find as a team. We are in love with our little treasures, and we give our best in every piece we create.\u00a0<\/span><\/p><p><span style=\"font-weight: 400;\">We invite you to discover our brand and join the adventure of Guateque. Here you will find handbags that are more than just accessories, they are expressions of our love for fashion and creativity. We want them to be a showcase of joy and good vibes, something that makes you smile every time you carry them with you, and the perfect accessory for all your parties and events. These are the values and spirit of Guateque, to share with others, have fun and enjoy life, so we are delighted to share it with you. <\/span><\/p><p><strong>Join us and live the Guateque experience!<\/strong><\/p>\t\t\t\t\t\t\t\t<\/div>\n\t\t\t\t<\/div>\n\t\t\t\t\t<\/div>\n\t\t<\/div>\n\t\t\t\t\t<\/div>\n\t\t<\/section>\n\t\t\t\t\t<\/div>\n\t\t<\/div>\n\t\t\t\t\t<\/div>\n\t\t<\/section>\n\t\t\t\t<section class=\"elementor-section elementor-top-section elementor-element elementor-element-312ae6c elementor-hidden-desktop elementor-section-boxed elementor-section-height-default elementor-section-height-default wpr-particle-no wpr-jarallax-no wpr-parallax-no wpr-sticky-section-no\" data-id=\"312ae6c\" data-element_type=\"section\" data-e-type=\"section\">\n\t\t\t\t\t\t<div class=\"elementor-container elementor-column-gap-default\">\n\t\t\t\t\t<div class=\"elementor-column elementor-col-100 elementor-top-column elementor-element elementor-element-2e813c2\" data-id=\"2e813c2\" data-element_type=\"column\" data-e-type=\"column\">\n\t\t\t<div class=\"elementor-widget-wrap elementor-element-populated\">\n\t\t\t\t\t\t<div class=\"elementor-element elementor-element-140daed elementor-widget elementor-widget-image\" data-id=\"140daed\" data-element_type=\"widget\" data-e-type=\"widget\" data-widget_type=\"image.default\">\n\t\t\t\t<div class=\"elementor-widget-container\">\n\t\t\t\t\t\t\t\t\t\t\t\t\t\t\t<img fetchpriority=\"high\" decoding=\"async\" width=\"768\" height=\"1024\" src=\"https:\/\/guatequebags.com\/wp-content\/uploads\/2023\/03\/P7240892-scaled.jpg\" class=\"attachment-large size-large wp-image-319\" alt=\"sobre Guateque\" \/>\t\t\t\t\t\t\t\t\t\t\t\t\t\t\t<\/div>\n\t\t\t\t<\/div>\n\t\t\t\t<div class=\"elementor-element elementor-element-7c6fda6 elementor-widget elementor-widget-text-editor\" data-id=\"7c6fda6\" data-element_type=\"widget\" data-e-type=\"widget\" data-widget_type=\"text-editor.default\">\n\t\t\t\t<div class=\"elementor-widget-container\">\n\t\t\t\t\t\t\t\t\t<p><span style=\"font-weight: 400;\">Hello! Let us introduce ourselves, we are Annita and Lina, two friends who are complete opposites, but complement each other like no one else. We shared a common vision and a lot of enthusiasm to create something together, so we decided to join our personalities and talents to turn our project into a reality. That's how GUATEQUE was born, from our Friday night celebrations, our dancing, and our passion for good food. So, without further ado, <\/span><\/p><p><strong>Welcome to GUATEQUE!<\/strong><\/p><p>\u00a0<\/p><p><span style=\"font-weight: 400;\">Guateque is a brand of handbags and accessories created with passion, dedication, and love, from the humility and naturalness of our friendship. Our love for gastronomy and good food was the inspiration for the name of our brand.<\/span><\/p><p class=\"translation-block\">At Guateque, we believe in craftsmanship and slow fashion. Each of our handbags is carefully handmade in our own living room, so they are entirely produced between Ibiza and Barcelona.<\/p><p class=\"translation-block\">Our handbags are unique and exclusive, as we work with limited stocks of fabrics and produce few units. They are an explosion of colors and prints, we love to play with contrasts and dare to be original. We use macram\u00e9 as the identity of the brand by applying it to our handles, which are particularly remarkable and an important feature of the product.<\/p><p><span style=\"font-weight: 400;\">They are intricately crafted with a combination of colorful cords, and we create different versions of our classic design with various materials and shapes. However, we always keep in mind the comfort and practicality of our design. We also offer leather handles, which are cut and designed by us, and in some cases, we apply macram\u00e9 to them as well. These handles are interchangeable and can be used with other handbags as well.<\/span><\/p><p><span style=\"font-weight: 400;\">Guateque is not just a handbag brand, it is a representation of ourselves. We are friends above all else, and we enjoy every moment we spend working together on this project that means so much to us. Our friendship is reflected in each of our designs, in the harmony and balance we find as a team. We are in love with our little treasures, and we give our best in every piece we create.\u00a0<\/span><\/p><p><span style=\"font-weight: 400;\">We invite you to discover our brand and join the adventure of Guateque. Here you will find handbags that are more than just accessories, they are expressions of our love for fashion and creativity. We want them to be a showcase of joy and good vibes, something that makes you smile every time you carry them with you, and the perfect accessory for all your parties and events. These are the values and spirit of Guateque, to share with others, have fun and enjoy life, so we are delighted to share it with you. <\/span><\/p><p><strong>Join us and live the Guateque experience!<\/strong><\/p>\t\t\t\t\t\t\t\t<\/div>\n\t\t\t\t<\/div>\n\t\t\t\t\t<\/div>\n\t\t<\/div>\n\t\t\t\t\t<\/div>\n\t\t<\/section>\n\t\t\t\t<\/div>","protected":false},"excerpt":{"rendered":"<p>\u00a1Hola! Dejad que nos presentemos, somos Annita y Lina, de esas amigas que son polos opuestos, pero se complementan como nadie. Compart\u00edamos una visi\u00f3n com\u00fan y muchas ganas de crear algo juntas, as\u00ed que decidimos unir nuestras personalidades y talentos para convertir nuestro proyecto en una realidad. As\u00ed naci\u00f3 GUATEQUE, de nuestros viernes de jolgorio, nuestros bailoteos y la pasi\u00f3n por una buena comilona.\u00a0 As\u00ed que ahora s\u00ed, \u00a1Bienvenid@s a GUATEQUE! \u00a0 Guateque es una marca de bolsos y complementos creada con pasi\u00f3n, dedicaci\u00f3n y amor, desde la humildad y la naturalidad de nuestra amistad. Nuestro amor por la gastronom\u00eda y el buen comer fue la inspiraci\u00f3n para el nombre de nuestra marca. En Guateque, creemos en la artesan\u00eda y el slow fashion. Cada uno de nuestros bolsos es cuidadosamente elaborado a mano en nuestro propio sal\u00f3n de casa, por lo que est\u00e1n enteramente producidos entre Ibiza y Barcelona.\u00a0 Nuestros bolsos son \u00fanicos y exclusivos, ya que trabajamos con stocks limitados de tejidos y hacemos pocas unidades. Son una explosi\u00f3n de colores y estampados, nos encanta jugar con los contrastes y atrevernos a ser originales. Utilizamos el macram\u00e9 como identidad de la marca aplic\u00e1ndolo en nuestras asas, que son especialmente destacables y un punto importante del producto.\u00a0 Est\u00e1n muy trabajadas y hechas con combinaci\u00f3n de cuerdas de colores, versionamos nuestro cl\u00e1sico con distintos materiales y formas, eso s\u00ed, siempre teniendo en cuenta la comodidad y practicidad de nuestro dise\u00f1o. Tambi\u00e9n ofrecemos asas de piel cortadas y dise\u00f1adas por nosotras, donde en algunas tambi\u00e9n hemos aplicado el macram\u00e9. Estas son intercambiables o se pueden utilizar con otros bolsos. Guateque no es solo una marca de bolsos, es una representaci\u00f3n de nosotras mismas. Somos amigas antes que nada, y disfrutamos cada momento que pasamos trabajando juntas en este proyecto que significa tanto para nosotras. Nuestra amistad se refleja en cada uno de nuestros dise\u00f1os, en la armon\u00eda y equilibrio que encontramos como equipo. Estamos enamoradas de nuestras joyitas y damos lo mejor de nosotras en cada pieza.\u00a0 Te invitamos a descubrir nuestra marca y a sumarte a la aventura de Guateque. Aqu\u00ed encontrar\u00e1s bolsos que son m\u00e1s que simples accesorios, son expresiones de nuestro amor por la moda y la creatividad. Queremos que sean una muestra de alegr\u00eda y buen rollo, algo que te haga sonre\u00edr cada vez que los lleves contigo y el complemento que escojas para todas tus fiestas y eventos. Esos son los valores y el esp\u00edritu de Guateque, compartir con los dem\u00e1s, divertirse y disfrutar de la vida, as\u00ed que estamos encantadas de compartirlo contigo. \u00a1\u00danete a nosotras y vive la experiencia Guateque! \u00a1Hola! Dejad que nos presentemos, somos Annita y Lina, de esas amigas que son polos opuestos, pero se complementan como nadie. Compart\u00edamos una visi\u00f3n com\u00fan y muchas ganas de crear algo juntas, as\u00ed que decidimos unir nuestras personalidades y talentos para convertir nuestro proyecto en una realidad. As\u00ed naci\u00f3 GUATEQUE, de nuestros viernes de jolgorio, nuestros bailoteos y la pasi\u00f3n por una buena comilona.\u00a0 As\u00ed que ahora s\u00ed, \u00a1Bienvenid@s a GUATEQUE! \u00a0 Guateque es una marca de bolsos y complementos creada con pasi\u00f3n, dedicaci\u00f3n y amor, desde la humildad y la naturalidad de nuestra amistad. Nuestro amor por la gastronom\u00eda y el buen comer fue la inspiraci\u00f3n para el nombre de nuestra marca. En Guateque, creemos en la artesan\u00eda y el slow fashion. Cada uno de nuestros bolsos es cuidadosamente elaborado a mano en nuestro propio sal\u00f3n de casa, por lo que est\u00e1n enteramente producidos entre Ibiza y Barcelona.\u00a0 Nuestros bolsos son \u00fanicos y exclusivos, ya que trabajamos con stocks limitados de tejidos y hacemos pocas unidades. Son una explosi\u00f3n de colores y estampados, nos encanta jugar con los contrastes y atrevernos a ser originales. Utilizamos el macram\u00e9 como identidad de la marca aplic\u00e1ndolo en nuestras asas, que son especialmente destacables y un punto importante del producto.\u00a0 Est\u00e1n muy trabajadas y hechas con combinaci\u00f3n de cuerdas de colores, versionamos nuestro cl\u00e1sico con distintos materiales y formas, eso s\u00ed, siempre teniendo en cuenta la comodidad y practicidad de nuestro dise\u00f1o. Tambi\u00e9n ofrecemos asas de piel cortadas y dise\u00f1adas por nosotras, donde en algunas tambi\u00e9n hemos aplicado el macram\u00e9. Estas son intercambiables o se pueden utilizar con otros bolsos. Guateque no es solo una marca de bolsos, es una representaci\u00f3n de nosotras mismas. Somos amigas antes que nada, y disfrutamos cada momento que pasamos trabajando juntas en este proyecto que significa tanto para nosotras. Nuestra amistad se refleja en cada uno de nuestros dise\u00f1os, en la armon\u00eda y equilibrio que encontramos como equipo. Estamos enamoradas de nuestras joyitas y damos lo mejor de nosotras en cada pieza.\u00a0 Te invitamos a descubrir nuestra marca y a sumarte a la aventura de Guateque. Aqu\u00ed encontrar\u00e1s bolsos que son m\u00e1s que simples accesorios, son expresiones de nuestro amor por la moda y la creatividad. Queremos que sean una muestra de alegr\u00eda y buen rollo, algo que te haga sonre\u00edr cada vez que los lleves contigo y el complemento que escojas para todas tus fiestas y eventos. Esos son los valores y el esp\u00edritu de Guateque, compartir con los dem\u00e1s, divertirse y disfrutar de la vida, as\u00ed que estamos encantadas de compartirlo contigo. \u00a1\u00danete a nosotras y vive la experiencia Guateque!<\/p>","protected":false},"author":1,"featured_media":0,"parent":0,"menu_order":0,"comment_status":"closed","ping_status":"closed","template":"","meta":{"ocean_post_layout":"","ocean_both_sidebars_style":"","ocean_both_sidebars_content_width":0,"ocean_both_sidebars_sidebars_width":0,"ocean_sidebar":"","ocean_second_sidebar":"","ocean_disable_margins":"enable","ocean_add_body_class":"","ocean_shortcode_before_top_bar":"","ocean_shortcode_after_top_bar":"","ocean_shortcode_before_header":"","ocean_shortcode_after_header":"","ocean_has_shortcode":"","ocean_shortcode_after_title":"","ocean_shortcode_before_footer_widgets":"","ocean_shortcode_after_footer_widgets":"","ocean_shortcode_before_footer_bottom":"","ocean_shortcode_after_footer_bottom":"","ocean_display_top_bar":"default","ocean_display_header":"default","ocean_header_style":"","ocean_center_header_left_menu":"","ocean_custom_header_template":"","ocean_custom_logo":0,"ocean_custom_retina_logo":0,"ocean_custom_logo_max_width":0,"ocean_custom_logo_tablet_max_width":0,"ocean_custom_logo_mobile_max_width":0,"ocean_custom_logo_max_height":0,"ocean_custom_logo_tablet_max_height":0,"ocean_custom_logo_mobile_max_height":0,"ocean_header_custom_menu":"","ocean_menu_typo_font_family":"","ocean_menu_typo_font_subset":"","ocean_menu_typo_font_size":0,"ocean_menu_typo_font_size_tablet":0,"ocean_menu_typo_font_size_mobile":0,"ocean_menu_typo_font_size_unit":"px","ocean_menu_typo_font_weight":"","ocean_menu_typo_font_weight_tablet":"","ocean_menu_typo_font_weight_mobile":"","ocean_menu_typo_transform":"","ocean_menu_typo_transform_tablet":"","ocean_menu_typo_transform_mobile":"","ocean_menu_typo_line_height":0,"ocean_menu_typo_line_height_tablet":0,"ocean_menu_typo_line_height_mobile":0,"ocean_menu_typo_line_height_unit":"","ocean_menu_typo_spacing":0,"ocean_menu_typo_spacing_tablet":0,"ocean_menu_typo_spacing_mobile":0,"ocean_menu_typo_spacing_unit":"","ocean_menu_link_color":"","ocean_menu_link_color_hover":"","ocean_menu_link_color_active":"","ocean_menu_link_background":"","ocean_menu_link_hover_background":"","ocean_menu_link_active_background":"","ocean_menu_social_links_bg":"","ocean_menu_social_hover_links_bg":"","ocean_menu_social_links_color":"","ocean_menu_social_hover_links_color":"","ocean_disable_title":"default","ocean_disable_heading":"default","ocean_post_title":"","ocean_post_subheading":"","ocean_post_title_style":"","ocean_post_title_background_color":"","ocean_post_title_background":0,"ocean_post_title_bg_image_position":"","ocean_post_title_bg_image_attachment":"","ocean_post_title_bg_image_repeat":"","ocean_post_title_bg_image_size":"","ocean_post_title_height":0,"ocean_post_title_bg_overlay":0.5,"ocean_post_title_bg_overlay_color":"","ocean_disable_breadcrumbs":"default","ocean_breadcrumbs_color":"","ocean_breadcrumbs_separator_color":"","ocean_breadcrumbs_links_color":"","ocean_breadcrumbs_links_hover_color":"","ocean_display_footer_widgets":"default","ocean_display_footer_bottom":"default","ocean_custom_footer_template":"","footnotes":""},"class_list":["post-317","page","type-page","status-publish","hentry","entry","owp-thumbs-layout-horizontal","owp-btn-big","owp-tabs-layout-vertical","has-no-thumbnails","has-product-nav"],"jetpack_sharing_enabled":true,"_links":{"self":[{"href":"https:\/\/guatequebags.com\/en\/wp-json\/wp\/v2\/pages\/317","targetHints":{"allow":["GET"]}}],"collection":[{"href":"https:\/\/guatequebags.com\/en\/wp-json\/wp\/v2\/pages"}],"about":[{"href":"https:\/\/guatequebags.com\/en\/wp-json\/wp\/v2\/types\/page"}],"author":[{"embeddable":true,"href":"https:\/\/guatequebags.com\/en\/wp-json\/wp\/v2\/users\/1"}],"replies":[{"embeddable":true,"href":"https:\/\/guatequebags.com\/en\/wp-json\/wp\/v2\/comments?post=317"}],"version-history":[{"count":65,"href":"https:\/\/guatequebags.com\/en\/wp-json\/wp\/v2\/pages\/317\/revisions"}],"predecessor-version":[{"id":833,"href":"https:\/\/guatequebags.com\/en\/wp-json\/wp\/v2\/pages\/317\/revisions\/833"}],"wp:attachment":[{"href":"https:\/\/guatequebags.com\/en\/wp-json\/wp\/v2\/media?parent=317"}],"curies":[{"name":"wp","href":"https:\/\/api.w.org\/{rel}","templated":true}]}}